{"id":1733,"date":"2014-09-27T22:50:57","date_gmt":"2014-09-27T20:50:57","guid":{"rendered":"http:\/\/www.street-heroes.org\/?page_id=1733"},"modified":"2014-09-28T00:17:44","modified_gmt":"2014-09-27T22:17:44","slug":"que-hacemos","status":"publish","type":"page","link":"https:\/\/www.street-heroes.org\/es\/que-hacemos\/","title":{"rendered":"\u00bfQu\u00e9 Hacemos?"},"content":{"rendered":"<p>Nuestros servicios persiguen la capacitaci\u00f3n de los cuidadores que trabaja en orfanatos y centros asistenciales (counselors y todo tipo de personal) para asegurar la orientaci\u00f3n correcta para la rehabilitaci\u00f3n psicosocial de los ni\u00f1os. Tambi\u00e9n apoyamos y proporcionamos supervisi\u00f3n apoyando determinadas iniciativas de intervenci\u00f3n psicosocial y promovemos actividades y eventos con el objetivo de sensibilizar a las personas acerca de la necesidad de esta intervenci\u00f3n psicosocial para lograr la rehabilitaci\u00f3n real de la infancia y la juventud.<\/p>\n<blockquote class=\"alignright\"><p>Todos los ni\u00f1os tienen derecho al apoyo psicosocial.<\/p><\/blockquote>\n<p>Tengamos en cuenta que:  Muchos ni\u00f1os en todo el pa\u00eds abandonan sus hogares o viven en condiciones deplorables debido a diversas razones (ver a continuaci\u00f3n) y algunos de estos ni\u00f1os vulnerables llegan a las ciudades y terminan viviendo en las calles, expuestos a las redes de tr\u00e1fico de personas y prostituci\u00f3n, drogas, secuestros, mendicidad, abuso sexual, acoso y explotaci\u00f3n laboral infantil. <\/p>\n<p>Muchos ni\u00f1os que han huido de sus familias y realidades, ni\u00f1os que provienen de la calle, o hijos de los trabajadores del sexo,  ni\u00f1os maltratados y abusados, ni\u00f1os trabajadores, etc. viven en los centros de atenci\u00f3n en los que operamos en la India. <\/p>\n<p>Hay diferentes tipos de factores que provocan que un ni\u00f1o huya de su casa:<\/p>\n<p><strong>La crueldad y el abuso<\/strong>: Muchos padres hoy en d\u00eda siguen utilizando los m\u00e9todos disciplinarios tradicionales tales como golpear con cinturones, bastones, palos, etc. En las familias donde uno \/ ambos padres es \/ son alcoh\u00f3licos (s) esta crueldad es m\u00e1s com\u00fan (como el padre lanzando al ni\u00f1o contra la pared, el abuso sexual, etc &#8230;) y los ni\u00f1os pueden sufrir lesiones m\u00e1s graves. La mente joven y vulnerable de un ni\u00f1o no est\u00e1 dise\u00f1ada para hacer frente al trauma severo ni al dolor, y cuando la situaci\u00f3n se vuelve insoportable, la \u00fanica salida que se le ocurre al ni\u00f1o es huir f\u00edsicamente del hogar que es la fuente del dolor y la tortura.<\/p>\n<p><strong>Negligencia<\/strong>: En familias numerosas y \/ o econ\u00f3micamente desfavorecidas, los padres tienen poca oportunidad de dedicar tiempo a sus hijos. Con ambos padres en el trabajo, los ni\u00f1os son desatendidos durante horas. Ante tal descuido y privaci\u00f3n, muchos ni\u00f1os se sienten inseguros y tratados injustamente. En estado de rechazo y dolor, se vuelven hostiles y huyen de casa en busca de otros lugares donde puedan recuperar su sentimiento de pertenencia y sentirse amados.  <\/p>\n<p><strong>Hogares rotos<\/strong>: Los ni\u00f1os que viven con un solo padre, un padrastro o madrastra, o los ni\u00f1os hu\u00e9rfanos, son m\u00e1s propensos a un trauma emocional y, a menudo, sufren  sentimientos de rechazo e inseguridad que les empuja a buscar un lugar donde puedan ser mejor aceptados y amados.<\/p>\n<p><strong>Causas socio-estructurales<\/strong>: La gente migra de las regiones menos desarrolladas del pa\u00eds a las regiones m\u00e1s desarrolladas a menudo dejando atr\u00e1s a sus familias y hogares. Sin embargo, su vivienda no est\u00e1 prevista en los planes de desarrollo de la ciudad y de esta manera muchas personas (hombres, mujeres y ni\u00f1os por igual) viven en las calles como \u00fanico refugio. <\/p>\n<p><strong>Causas econ\u00f3micas<\/strong>: No es que los ni\u00f1os tengan que estar en la calle porque no hay espacio para ellos en la chabola que los padres puedan haber construido en la ciudad. Lo que sucede es que, a menudo, los ingresos de los padres son insuficientes incluso para asegurar las necesidades b\u00e1sicas de la familia. En consecuencia, los ni\u00f1os tienen que ser enviados a trabajar en las calles para complementar los ingresos de la familia. La estratificaci\u00f3n social en base al sistema de casta, credo, g\u00e9nero, comunidad, grupo \u00e9tnico, etc tambi\u00e9n se traduce en restricciones geogr\u00e1ficas, sociales, culturales y pol\u00edticas. <\/p>\n<p><strong>Calidad de la Educaci\u00f3n<\/strong>: Muchos ni\u00f1os de la calle han abandonado la escuela. La tasa de deserci\u00f3n escolar en la India es bastante alto (36% -52%). A veces los maestros recurren a m\u00e9todos tradicionales de castigo corporal para disciplinar a los ni\u00f1os que a su vez provocan una fobia contra la escuela y la educaci\u00f3n en las mentes de los j\u00f3venes. Como consecuencia, toda la atm\u00f3sfera de aprendizaje no es agradable.<\/p>\n<p>Muchos otros ni\u00f1os (especialmente las ni\u00f1as) se ven obligados a la deserci\u00f3n de la escuela con el fin de trabajar con sus padres o para cuidar a sus hermanos menores mientras sus padres est\u00e1n en el trabajo. Como resultado, pueden escapar a las ciudades movidos por la esperanza de que puedan ser capaces de aspirar a sus propias vidas.  <\/p>\n<p><strong>Influencia de sus compa\u00f1eros<\/strong>: Algunos ni\u00f1os dejan sus hogares por la vida de la calle debido a la influencia de sus amigos. Algunos ni\u00f1os se encuentran en las calles tras abandonar los hogares conflictivos en los que viven, animados por sus compa\u00f1eros. Esto puede ser por los compa\u00f1eros que glorifican la idea de la vida de la ciudad, o de la vida independiente fuera de sus casas.<\/p>\n","protected":false},"excerpt":{"rendered":"<p>Nuestros servicios persiguen la capacitaci\u00f3n de los cuidadores que trabaja en orfanatos y centros asistenciales (counselors y todo tipo de personal) para asegurar la orientaci\u00f3n correcta para la rehabilitaci\u00f3n psicosocial de los ni\u00f1os. Tambi\u00e9n apoyamos y proporcionamos supervisi\u00f3n apoyando determinadas iniciativas de intervenci\u00f3n psicosocial y promovemos actividades y eventos con el objetivo de sensibilizar a [&hellip;]<\/p>\n","protected":false},"author":1,"featured_media":0,"parent":0,"menu_order":0,"comment_status":"open","ping_status":"closed","template":"","meta":{"_monsterinsights_skip_tracking":false,"_monsterinsights_sitenote_active":false,"_monsterinsights_sitenote_note":"","_monsterinsights_sitenote_category":0,"ngg_post_thumbnail":0,"footnotes":""},"class_list":["post-1733","page","type-page","status-publish","hentry"],"_links":{"self":[{"href":"https:\/\/www.street-heroes.org\/es\/wp-json\/wp\/v2\/pages\/1733","targetHints":{"allow":["GET"]}}],"collection":[{"href":"https:\/\/www.street-heroes.org\/es\/wp-json\/wp\/v2\/pages"}],"about":[{"href":"https:\/\/www.street-heroes.org\/es\/wp-json\/wp\/v2\/types\/page"}],"author":[{"embeddable":true,"href":"https:\/\/www.street-heroes.org\/es\/wp-json\/wp\/v2\/users\/1"}],"replies":[{"embeddable":true,"href":"https:\/\/www.street-heroes.org\/es\/wp-json\/wp\/v2\/comments?post=1733"}],"version-history":[{"count":2,"href":"https:\/\/www.street-heroes.org\/es\/wp-json\/wp\/v2\/pages\/1733\/revisions"}],"predecessor-version":[{"id":1744,"href":"https:\/\/www.street-heroes.org\/es\/wp-json\/wp\/v2\/pages\/1733\/revisions\/1744"}],"wp:attachment":[{"href":"https:\/\/www.street-heroes.org\/es\/wp-json\/wp\/v2\/media?parent=1733"}],"curies":[{"name":"wp","href":"https:\/\/api.w.org\/{rel}","templated":true}]}}