{"id":1740,"date":"2014-09-28T00:13:21","date_gmt":"2014-09-27T22:13:21","guid":{"rendered":"http:\/\/www.street-heroes.org\/?page_id=1740"},"modified":"2014-09-28T00:18:42","modified_gmt":"2014-09-27T22:18:42","slug":"apoyo-en-la-intervencion-psicosocial","status":"publish","type":"page","link":"https:\/\/www.street-heroes.org\/es\/que-hacemos\/apoyo-en-la-intervencion-psicosocial\/","title":{"rendered":"Apoyo En La Intervenci\u00f3n Psicosocial"},"content":{"rendered":"<ul class=\"list\">\n<li>Asesor\u00eda y apoyo coordinado con los consejeros locales para la intervenci\u00f3n psicosocial.<\/li>\n<li>Programas formativos de extensi\u00f3n y apoyo para la estandarizaci\u00f3n de herramientas psicosociales.<\/li>\n<li>El monitoreo continuo y seguimiento de las consultas que puedan surgir durante la implementaci\u00f3n de nuevas herramientas psicosociales adquiridas.<\/li>\n<\/ul>\n","protected":false},"excerpt":{"rendered":"<p>Asesor\u00eda y apoyo coordinado con los consejeros locales para la intervenci\u00f3n psicosocial. Programas formativos de extensi\u00f3n y apoyo para la estandarizaci\u00f3n de herramientas psicosociales. El monitoreo continuo y seguimiento de las consultas que puedan surgir durante la implementaci\u00f3n de nuevas herramientas psicosociales adquiridas.<\/p>\n","protected":false},"author":1,"featured_media":0,"parent":1733,"menu_order":0,"comment_status":"open","ping_status":"closed","template":"","meta":{"_monsterinsights_skip_tracking":false,"_monsterinsights_sitenote_active":false,"_monsterinsights_sitenote_note":"","_monsterinsights_sitenote_category":0,"ngg_post_thumbnail":0,"footnotes":""},"class_list":["post-1740","page","type-page","status-publish","hentry"],"_links":{"self":[{"href":"https:\/\/www.street-heroes.org\/es\/wp-json\/wp\/v2\/pages\/1740","targetHints":{"allow":["GET"]}}],"collection":[{"href":"https:\/\/www.street-heroes.org\/es\/wp-json\/wp\/v2\/pages"}],"about":[{"href":"https:\/\/www.street-heroes.org\/es\/wp-json\/wp\/v2\/types\/page"}],"author":[{"embeddable":true,"href":"https:\/\/www.street-heroes.org\/es\/wp-json\/wp\/v2\/users\/1"}],"replies":[{"embeddable":true,"href":"https:\/\/www.street-heroes.org\/es\/wp-json\/wp\/v2\/comments?post=1740"}],"version-history":[{"count":2,"href":"https:\/\/www.street-heroes.org\/es\/wp-json\/wp\/v2\/pages\/1740\/revisions"}],"predecessor-version":[{"id":1745,"href":"https:\/\/www.street-heroes.org\/es\/wp-json\/wp\/v2\/pages\/1740\/revisions\/1745"}],"up":[{"embeddable":true,"href":"https:\/\/www.street-heroes.org\/es\/wp-json\/wp\/v2\/pages\/1733"}],"wp:attachment":[{"href":"https:\/\/www.street-heroes.org\/es\/wp-json\/wp\/v2\/media?parent=1740"}],"curies":[{"name":"wp","href":"https:\/\/api.w.org\/{rel}","templated":true}]}}