{"id":1742,"date":"2014-09-28T00:16:02","date_gmt":"2014-09-27T22:16:02","guid":{"rendered":"http:\/\/www.street-heroes.org\/?page_id=1742"},"modified":"2014-10-21T17:50:22","modified_gmt":"2014-10-21T15:50:22","slug":"programas-y-actividades-de-sensibilizacion","status":"publish","type":"page","link":"https:\/\/www.street-heroes.org\/es\/que-hacemos\/programas-y-actividades-de-sensibilizacion\/","title":{"rendered":"Programas Y Actividades De Sensibilizaci\u00f3n"},"content":{"rendered":"<p>El apoyo psicosocial es un nuevo enfoque de la intervenci\u00f3n con los ni\u00f1os y j\u00f3venes en riesgo de exclusi\u00f3n en India. Poco a poco se camina hacia una nueva comprensi\u00f3n que lo incluye como un aspecto b\u00e1sico y crucial que debe afrontarse. Sin embargo, este proceso debe ser impulsado y, por ello, una de las actividades permanentes de nuestra asociaci\u00f3n es la divulgaci\u00f3n de la necesidad de formar en HERRAMIENTAS PSICOSOCIALES para posibilitar este abordaje en el trabajo con la infancia y juventud.  <\/p>\n<p>Facilitar un hogar, ropa, alimentos, atenci\u00f3n m\u00e9dica y la educaci\u00f3n no es suficiente para recuperar por completo la estabilidad emocional proveniente de escenarios muy traum\u00e1ticos. Su verdadera rehabilitaci\u00f3n pasa por lidiar con sus traumas y heridas emocionales para reconstruir su sentido de identidad y empoderamiento. Sin este trabajo, las otras piezas se vendr\u00edan abajo, ya que s\u00f3lo una sensaci\u00f3n de autoestima y aceptaci\u00f3n puede unirlas construyendo su integridad global.<\/p>\n<h2>M\u00daSICA Y ARTE PARA EL CAMBIO (Cochin &#8211; Estadio 08 2014)<\/h2>\n<p>En colaboraci\u00f3n con agentes locales en la India hemos celebrado un gran concierto ben\u00e9fico con la \u00fanica intenci\u00f3n de difundir el mensaje sobre la importancia de ayudar en la curaci\u00f3n del trauma para los ni\u00f1os y j\u00f3venes en riesgo. La entrada era gratuita pues el objetivo era hacer llegar a todo el p\u00fablico posible nuestro mensaje.<\/p>\n<p>Hasta siete grupos musicales populares en Kerala e India actuaron junto con los ni\u00f1os en el estadio m\u00e1s importante de Cochin, Durbar Hall, obteniendo un notable impacto en la prensa y televisi\u00f3n del pa\u00eds. Nuestro objetivo fue sensibilizar sobre el apoyo psicosocial. Al mismo tiempo, sirvi\u00f3 a los ni\u00f1os y j\u00f3venes para experimentar algunas de las herramientas b\u00e1sicas que les proporcionamos, como la expresi\u00f3n, la comunicaci\u00f3n y el empoderamiento al pisar el escenario. Ellos fueron los verdaderos artistas y m\u00e1s de 170 ni\u00f1os pisaron el escenario y vivieron un momento muy m\u00e1gico.<\/p>\n<p><a href=\"https:\/\/www.street-heroes.org\/es\/event-view\/musica-y-arte-para-el-cambio\/\">Para obtener m\u00e1s informaci\u00f3n sobre el evento, por favor haga clic aqu\u00ed<\/a><\/p>\n<h2>DANCE &#038; HELP (BAILA Y AYUDA)<\/h2>\n<p>Hemos celebrado dos grandes eventos en Barcelona en colaboraci\u00f3n con empresas locales para explicar el proyecto psicosocial. Se recaudaron fondos suficientes para ayudar a construir un nuevo orfanato para ni\u00f1as en Cochin.<\/p>\n<p><a href=\"https:\/\/www.street-heroes.org\/es\/event-view\/dance-help\/\">Para obtener m\u00e1s informaci\u00f3n sobre el evento, por favor haga clic aqu\u00ed<\/a><\/p>\n","protected":false},"excerpt":{"rendered":"<p>El apoyo psicosocial es un nuevo enfoque de la intervenci\u00f3n con los ni\u00f1os y j\u00f3venes en riesgo de exclusi\u00f3n en India. Poco a poco se camina hacia una nueva comprensi\u00f3n que lo incluye como un aspecto b\u00e1sico y crucial que debe afrontarse. Sin embargo, este proceso debe ser impulsado y, por ello, una de las [&hellip;]<\/p>\n","protected":false},"author":1,"featured_media":0,"parent":1733,"menu_order":0,"comment_status":"open","ping_status":"closed","template":"","meta":{"_monsterinsights_skip_tracking":false,"_monsterinsights_sitenote_active":false,"_monsterinsights_sitenote_note":"","_monsterinsights_sitenote_category":0,"ngg_post_thumbnail":0,"footnotes":""},"class_list":["post-1742","page","type-page","status-publish","hentry"],"_links":{"self":[{"href":"https:\/\/www.street-heroes.org\/es\/wp-json\/wp\/v2\/pages\/1742","targetHints":{"allow":["GET"]}}],"collection":[{"href":"https:\/\/www.street-heroes.org\/es\/wp-json\/wp\/v2\/pages"}],"about":[{"href":"https:\/\/www.street-heroes.org\/es\/wp-json\/wp\/v2\/types\/page"}],"author":[{"embeddable":true,"href":"https:\/\/www.street-heroes.org\/es\/wp-json\/wp\/v2\/users\/1"}],"replies":[{"embeddable":true,"href":"https:\/\/www.street-heroes.org\/es\/wp-json\/wp\/v2\/comments?post=1742"}],"version-history":[{"count":4,"href":"https:\/\/www.street-heroes.org\/es\/wp-json\/wp\/v2\/pages\/1742\/revisions"}],"predecessor-version":[{"id":1857,"href":"https:\/\/www.street-heroes.org\/es\/wp-json\/wp\/v2\/pages\/1742\/revisions\/1857"}],"up":[{"embeddable":true,"href":"https:\/\/www.street-heroes.org\/es\/wp-json\/wp\/v2\/pages\/1733"}],"wp:attachment":[{"href":"https:\/\/www.street-heroes.org\/es\/wp-json\/wp\/v2\/media?parent=1742"}],"curies":[{"name":"wp","href":"https:\/\/api.w.org\/{rel}","templated":true}]}}