{"id":1750,"date":"2014-09-28T00:33:47","date_gmt":"2014-09-27T22:33:47","guid":{"rendered":"http:\/\/www.street-heroes.org\/?page_id=1750"},"modified":"2014-09-28T00:33:47","modified_gmt":"2014-09-27T22:33:47","slug":"nuestra-estrategia","status":"publish","type":"page","link":"https:\/\/www.street-heroes.org\/es\/nuestra-estrategia\/","title":{"rendered":"ESTRATEGIA"},"content":{"rendered":"<blockquote class=\"alignright\"><p>Todos los ni\u00f1os tienen derecho al apoyo psicosocial.<\/p><\/blockquote>\n<p>Partiendo de la evaluaci\u00f3n de la situaci\u00f3n de los ni\u00f1os acogidos en los centros y orfanatos y su necesidad de rehabilitaci\u00f3n social y emocional, estamos implementando un nuevo enfoque de intervenci\u00f3n que incluye la curaci\u00f3n del trauma y la intervenci\u00f3n psicosocial. Este nuevo enfoque, en s\u00ed mismo, genera impacto social ya que trabajamos para lograr su inclusi\u00f3n social. Conscientes de nuestra ambiciosa meta, nuestro proyecto se basa en un plan de trabajo progresivo que garantice una mejor implementaci\u00f3n.<\/p>\n","protected":false},"excerpt":{"rendered":"<p>Todos los ni\u00f1os tienen derecho al apoyo psicosocial. Partiendo de la evaluaci\u00f3n de la situaci\u00f3n de los ni\u00f1os acogidos en los centros y orfanatos y su necesidad de rehabilitaci\u00f3n social y emocional, estamos implementando un nuevo enfoque de intervenci\u00f3n que incluye la curaci\u00f3n del trauma y la intervenci\u00f3n psicosocial. Este nuevo enfoque, en s\u00ed mismo, [&hellip;]<\/p>\n","protected":false},"author":1,"featured_media":0,"parent":0,"menu_order":0,"comment_status":"open","ping_status":"open","template":"","meta":{"_monsterinsights_skip_tracking":false,"_monsterinsights_sitenote_active":false,"_monsterinsights_sitenote_note":"","_monsterinsights_sitenote_category":0,"ngg_post_thumbnail":0,"footnotes":""},"class_list":["post-1750","page","type-page","status-publish","hentry"],"_links":{"self":[{"href":"https:\/\/www.street-heroes.org\/es\/wp-json\/wp\/v2\/pages\/1750","targetHints":{"allow":["GET"]}}],"collection":[{"href":"https:\/\/www.street-heroes.org\/es\/wp-json\/wp\/v2\/pages"}],"about":[{"href":"https:\/\/www.street-heroes.org\/es\/wp-json\/wp\/v2\/types\/page"}],"author":[{"embeddable":true,"href":"https:\/\/www.street-heroes.org\/es\/wp-json\/wp\/v2\/users\/1"}],"replies":[{"embeddable":true,"href":"https:\/\/www.street-heroes.org\/es\/wp-json\/wp\/v2\/comments?post=1750"}],"version-history":[{"count":1,"href":"https:\/\/www.street-heroes.org\/es\/wp-json\/wp\/v2\/pages\/1750\/revisions"}],"predecessor-version":[{"id":1751,"href":"https:\/\/www.street-heroes.org\/es\/wp-json\/wp\/v2\/pages\/1750\/revisions\/1751"}],"wp:attachment":[{"href":"https:\/\/www.street-heroes.org\/es\/wp-json\/wp\/v2\/media?parent=1750"}],"curies":[{"name":"wp","href":"https:\/\/api.w.org\/{rel}","templated":true}]}}