{"id":1752,"date":"2014-09-28T00:37:50","date_gmt":"2014-09-27T22:37:50","guid":{"rendered":"http:\/\/www.street-heroes.org\/?page_id=1752"},"modified":"2014-09-28T00:37:50","modified_gmt":"2014-09-27T22:37:50","slug":"evaluacion-de-la-situacion","status":"publish","type":"page","link":"https:\/\/www.street-heroes.org\/es\/nuestra-estrategia\/evaluacion-de-la-situacion\/","title":{"rendered":"Evaluaci\u00f3n de la situaci\u00f3n"},"content":{"rendered":"<h2>Necesidad<\/h2>\n<p>Las instituciones en la India que trabajan en el campo, tales como orfanatos y centros de asistencia, est\u00e1n desbordados tratando de cubrir las necesidades consideradas primarias y carecen de conocimientos t\u00e9cnicos para asistir al ni\u00f1o desde un enfoque psicosocial que consideramos esencial. Incluyendo este enfoque en su labor, se contribuye a la recuperaci\u00f3n global de muchos ni\u00f1os, mejorando su equilibrio afectivo y emocional, su bienestar psicol\u00f3gico y su rehabilitaci\u00f3n social. <\/p>\n<p>M\u00e1s all\u00e1 de sus necesidades materiales, es necesario facilitar sistemas y referentes s\u00f3lidos alrededor de  estos ni\u00f1os y j\u00f3venes, que les proporcione el apoyo necesario en su proceso de recuperaci\u00f3n de circunstancias muy traum\u00e1ticas. Con este acompa\u00f1amiento se contribuye a su posible inclusi\u00f3n e integraci\u00f3n social, estimulando su poder de convertirse en actores en sus comunidades.<\/p>\n<h2>La contraparte<\/h2>\n<p>Don Bosco (www.donboscoindia.com), una organizaci\u00f3n ben\u00e9fica registrada en la India, nos solicit\u00f3 formaci\u00f3n continuada y cooperaci\u00f3n para garantizar una asistencia psicosocial adecuada. Los educadores y ayudantes sociales carecen de conocimiento en problemas de salud mental o psicol\u00f3gica. Por consiguiente, necesitan programas educativos en herramientas psicosociales para recuperar el bienestar emocional y psicosocial de los ni\u00f1os y j\u00f3venes, as\u00ed como planes de intervenci\u00f3n y asistencia que garantice su rehabilitaci\u00f3n social. <\/p>\n<p>Desde el a\u00f1o 2010 hemos logrado numerosas intervenciones formativas con profesionales internacionales en colaboraci\u00f3n con Don Bosco. Ellos confirmaron la necesidad de proporcionar y estandarizar la formaci\u00f3n continua y replicarla en diferentes centros.<\/p>\n<p>Trabajar con una instituci\u00f3n muy s\u00f3lida y establecida en la India como Don Bosco asegura: <\/p>\n<ol>\n<li>Co-dise\u00f1o y ejecuci\u00f3n de programas y talleres de una manera m\u00e1s participativa y realista.<\/li>\n<li>Valoraci\u00f3n directa del impacto social de la intervenci\u00f3n y de sus resultados.<\/li>\n<li>La posibilidad de trascender a otras instituciones e influir en nuevas pol\u00edticas debido a sus alianzas con el Gobierno indio.<\/li>\n<\/ol>\n","protected":false},"excerpt":{"rendered":"<p>Necesidad Las instituciones en la India que trabajan en el campo, tales como orfanatos y centros de asistencia, est\u00e1n desbordados tratando de cubrir las necesidades consideradas primarias y carecen de conocimientos t\u00e9cnicos para asistir al ni\u00f1o desde un enfoque psicosocial que consideramos esencial. Incluyendo este enfoque en su labor, se contribuye a la recuperaci\u00f3n global [&hellip;]<\/p>\n","protected":false},"author":1,"featured_media":0,"parent":1750,"menu_order":0,"comment_status":"open","ping_status":"open","template":"","meta":{"_monsterinsights_skip_tracking":false,"_monsterinsights_sitenote_active":false,"_monsterinsights_sitenote_note":"","_monsterinsights_sitenote_category":0,"ngg_post_thumbnail":0,"footnotes":""},"class_list":["post-1752","page","type-page","status-publish","hentry"],"_links":{"self":[{"href":"https:\/\/www.street-heroes.org\/es\/wp-json\/wp\/v2\/pages\/1752","targetHints":{"allow":["GET"]}}],"collection":[{"href":"https:\/\/www.street-heroes.org\/es\/wp-json\/wp\/v2\/pages"}],"about":[{"href":"https:\/\/www.street-heroes.org\/es\/wp-json\/wp\/v2\/types\/page"}],"author":[{"embeddable":true,"href":"https:\/\/www.street-heroes.org\/es\/wp-json\/wp\/v2\/users\/1"}],"replies":[{"embeddable":true,"href":"https:\/\/www.street-heroes.org\/es\/wp-json\/wp\/v2\/comments?post=1752"}],"version-history":[{"count":1,"href":"https:\/\/www.street-heroes.org\/es\/wp-json\/wp\/v2\/pages\/1752\/revisions"}],"predecessor-version":[{"id":1753,"href":"https:\/\/www.street-heroes.org\/es\/wp-json\/wp\/v2\/pages\/1752\/revisions\/1753"}],"up":[{"embeddable":true,"href":"https:\/\/www.street-heroes.org\/es\/wp-json\/wp\/v2\/pages\/1750"}],"wp:attachment":[{"href":"https:\/\/www.street-heroes.org\/es\/wp-json\/wp\/v2\/media?parent=1752"}],"curies":[{"name":"wp","href":"https:\/\/api.w.org\/{rel}","templated":true}]}}