{"id":1756,"date":"2014-09-28T00:41:53","date_gmt":"2014-09-27T22:41:53","guid":{"rendered":"http:\/\/www.street-heroes.org\/?page_id=1756"},"modified":"2014-09-28T00:50:14","modified_gmt":"2014-09-27T22:50:14","slug":"impacto-social","status":"publish","type":"page","link":"https:\/\/www.street-heroes.org\/es\/nuestra-estrategia\/impacto-social\/","title":{"rendered":"Impacto social"},"content":{"rendered":"<ul class=\"list\">\n<li>El impacto final del proyecto es la promoci\u00f3n de la inclusi\u00f3n social de una gran cantidad de ni\u00f1os y j\u00f3venes a partir de su rehabilitaci\u00f3n psicosocial y su empoderamiento proporcion\u00e1ndoles herramientas de resiliencia. El proyecto tiene como objetivo crear conciencia global del potencial de estos ni\u00f1os y j\u00f3venes como futuros actores en sus comunidades.<\/li>\n<li>La aportaci\u00f3n del proyecto es la creaci\u00f3n de un know-how y una red profesional que pueda ser replicado en otras regiones de la India. Buscamos la asociaci\u00f3n del gobierno en etapas posteriores para ser capaces de escalar la intervenci\u00f3n a un nivel nacional.<\/li>\n<li>Nuestro objetivo es aumentar la sensibilizaci\u00f3n en todo el pa\u00eds sobre el bienestar de muchos ni\u00f1os y j\u00f3venes en situaci\u00f3n de riesgo en India.<\/li>\n<li>La coparticipaci\u00f3n de diferentes actores locales es b\u00e1sica para difundir el mensaje: el sector acad\u00e9mico, el sector profesional como psic\u00f3logos y consejeros, as\u00ed como otros sectores econ\u00f3micos que podr\u00edan participar.<\/li>\n<\/ul>\n","protected":false},"excerpt":{"rendered":"<p>El impacto final del proyecto es la promoci\u00f3n de la inclusi\u00f3n social de una gran cantidad de ni\u00f1os y j\u00f3venes a partir de su rehabilitaci\u00f3n psicosocial y su empoderamiento proporcion\u00e1ndoles herramientas de resiliencia. El proyecto tiene como objetivo crear conciencia global del potencial de estos ni\u00f1os y j\u00f3venes como futuros actores en sus comunidades. La [&hellip;]<\/p>\n","protected":false},"author":1,"featured_media":0,"parent":1750,"menu_order":2,"comment_status":"open","ping_status":"closed","template":"","meta":{"_monsterinsights_skip_tracking":false,"_monsterinsights_sitenote_active":false,"_monsterinsights_sitenote_note":"","_monsterinsights_sitenote_category":0,"ngg_post_thumbnail":0,"footnotes":""},"class_list":["post-1756","page","type-page","status-publish","hentry"],"_links":{"self":[{"href":"https:\/\/www.street-heroes.org\/es\/wp-json\/wp\/v2\/pages\/1756","targetHints":{"allow":["GET"]}}],"collection":[{"href":"https:\/\/www.street-heroes.org\/es\/wp-json\/wp\/v2\/pages"}],"about":[{"href":"https:\/\/www.street-heroes.org\/es\/wp-json\/wp\/v2\/types\/page"}],"author":[{"embeddable":true,"href":"https:\/\/www.street-heroes.org\/es\/wp-json\/wp\/v2\/users\/1"}],"replies":[{"embeddable":true,"href":"https:\/\/www.street-heroes.org\/es\/wp-json\/wp\/v2\/comments?post=1756"}],"version-history":[{"count":1,"href":"https:\/\/www.street-heroes.org\/es\/wp-json\/wp\/v2\/pages\/1756\/revisions"}],"predecessor-version":[{"id":1757,"href":"https:\/\/www.street-heroes.org\/es\/wp-json\/wp\/v2\/pages\/1756\/revisions\/1757"}],"up":[{"embeddable":true,"href":"https:\/\/www.street-heroes.org\/es\/wp-json\/wp\/v2\/pages\/1750"}],"wp:attachment":[{"href":"https:\/\/www.street-heroes.org\/es\/wp-json\/wp\/v2\/media?parent=1756"}],"curies":[{"name":"wp","href":"https:\/\/api.w.org\/{rel}","templated":true}]}}