{"id":1758,"date":"2014-09-28T00:48:46","date_gmt":"2014-09-27T22:48:46","guid":{"rendered":"http:\/\/www.street-heroes.org\/?page_id=1758"},"modified":"2014-09-28T00:51:21","modified_gmt":"2014-09-27T22:51:21","slug":"plan-de-trabajo-y-fases-del-proyecto","status":"publish","type":"page","link":"https:\/\/www.street-heroes.org\/es\/nuestra-estrategia\/plan-de-trabajo-y-fases-del-proyecto\/","title":{"rendered":"Plan de trabajo y fases del proyecto"},"content":{"rendered":"<h2>Fase piloto<\/h2>\n<ul class=\"list\">\n<li>Despu\u00e9s de la experiencia anterior, decidimos estandarizar nuestras intervenciones, creando un proyecto estable.<\/li>\n<li>Establecer indicadores objetivos que nos permitan valorar el impacto social del proyecto durante su ejecuci\u00f3n.<\/li>\n<li>Dise\u00f1o de un programa educativo incluyendo las herramientas psicosociales b\u00e1sicas que permitan el diagn\u00f3stico, la prevenci\u00f3n y la intervenci\u00f3n.<\/li>\n<li>Para el personal asistencial: Completar una formaci\u00f3n global en Don Bosco (Bangalore y Karnataka) para los cuidadores. Una certificaci\u00f3n ser\u00e1 emitida despu\u00e9s de la formaci\u00f3n.<\/li>\n<li>Para Ni\u00f1os y J\u00f3venes: Completar intervenciones globales con ni\u00f1os y j\u00f3venes: talleres sobre habilidades sociales, junto con el asesoramiento y la supervisi\u00f3n adecuada.<\/li>\n<li>Para Consejeros\/ Counsellors: formaci\u00f3n continuada en rehabilitaci\u00f3n psicosocial del trauma y la orientaci\u00f3n en problem\u00e1ticas de abuso. Estamos planeando la creaci\u00f3n de una Certificaci\u00f3n para el tratamiento y acompa\u00f1amiento en Abuso Sexual.<\/li>\n<li>Creaci\u00f3n de una red internacional de profesionales nacionales e internacionales que colaboran en su puesta en pr\u00e1ctica.<\/li>\n<\/ul>\n<h2>Etapa de resultados<\/h2>\n<ul class=\"list\">\n<li>Consolidaci\u00f3n de la red de profesionales colaboradores en la implementaci\u00f3n del programa.<\/li>\n<li>Publicaci\u00f3n de Manuales y la creaci\u00f3n de una plataforma de IT para respaldar la red de profesionales y compartir la compilaci\u00f3n de los materiales psico-educativos creados espec\u00edficamente.<\/li>\n<li>Consolidaci\u00f3n de nuevas alianzas con otros actores creando nuevas oportunidades de futuro para los j\u00f3venes de Don Bosco, as\u00ed como favorecer el intercambio profesional de los profesionales locales e internacionales en Salud Mental.<\/li>\n<li>An\u00e1lisis de los resultados con indicadores objetivos para determinar el impacto social global de la intervenci\u00f3n.<\/li>\n<h2>Etapa de Crecimiento<\/h2>\n<li>Aumento de la red de profesionales colaborando en su ejecuci\u00f3n.<\/li>\n<li>Ampliar el proyecto replicando la formaci\u00f3n en otras regiones del pa\u00eds, gracias a la experiencia acumulada y todos los recursos de formaci\u00f3n creados.<\/li>\n<li>Propuesta del proyecto psicosocial al Gobierno de la India para implantar una nueva intervenci\u00f3n estrat\u00e9gica en la atenci\u00f3n global de la Salud en la infancia y juventud en todo el pa\u00eds.<\/li>\n<\/ul>\n","protected":false},"excerpt":{"rendered":"<p>Fase piloto Despu\u00e9s de la experiencia anterior, decidimos estandarizar nuestras intervenciones, creando un proyecto estable. Establecer indicadores objetivos que nos permitan valorar el impacto social del proyecto durante su ejecuci\u00f3n. Dise\u00f1o de un programa educativo incluyendo las herramientas psicosociales b\u00e1sicas que permitan el diagn\u00f3stico, la prevenci\u00f3n y la intervenci\u00f3n. Para el personal asistencial: Completar una [&hellip;]<\/p>\n","protected":false},"author":1,"featured_media":0,"parent":1750,"menu_order":4,"comment_status":"open","ping_status":"open","template":"","meta":{"_monsterinsights_skip_tracking":false,"_monsterinsights_sitenote_active":false,"_monsterinsights_sitenote_note":"","_monsterinsights_sitenote_category":0,"ngg_post_thumbnail":0,"footnotes":""},"class_list":["post-1758","page","type-page","status-publish","hentry"],"_links":{"self":[{"href":"https:\/\/www.street-heroes.org\/es\/wp-json\/wp\/v2\/pages\/1758","targetHints":{"allow":["GET"]}}],"collection":[{"href":"https:\/\/www.street-heroes.org\/es\/wp-json\/wp\/v2\/pages"}],"about":[{"href":"https:\/\/www.street-heroes.org\/es\/wp-json\/wp\/v2\/types\/page"}],"author":[{"embeddable":true,"href":"https:\/\/www.street-heroes.org\/es\/wp-json\/wp\/v2\/users\/1"}],"replies":[{"embeddable":true,"href":"https:\/\/www.street-heroes.org\/es\/wp-json\/wp\/v2\/comments?post=1758"}],"version-history":[{"count":2,"href":"https:\/\/www.street-heroes.org\/es\/wp-json\/wp\/v2\/pages\/1758\/revisions"}],"predecessor-version":[{"id":1760,"href":"https:\/\/www.street-heroes.org\/es\/wp-json\/wp\/v2\/pages\/1758\/revisions\/1760"}],"up":[{"embeddable":true,"href":"https:\/\/www.street-heroes.org\/es\/wp-json\/wp\/v2\/pages\/1750"}],"wp:attachment":[{"href":"https:\/\/www.street-heroes.org\/es\/wp-json\/wp\/v2\/media?parent=1758"}],"curies":[{"name":"wp","href":"https:\/\/api.w.org\/{rel}","templated":true}]}}