{"id":1773,"date":"2014-09-28T01:02:24","date_gmt":"2014-09-27T23:02:24","guid":{"rendered":"http:\/\/www.street-heroes.org\/?page_id=1773"},"modified":"2014-09-28T01:02:24","modified_gmt":"2014-09-27T23:02:24","slug":"como-puedes-colaborar","status":"publish","type":"page","link":"https:\/\/www.street-heroes.org\/es\/como-puedes-colaborar\/","title":{"rendered":"C\u00f3mo Puedes Colaborar?"},"content":{"rendered":"<p>Si quieres apoyar nuestro proyecto de intervenci\u00f3n psicosocial con ni\u00f1os y j\u00f3venes en la India, puedes participar de varias maneras: <\/p>\n<ul class=\"list\">\n<li>Haciendo una sola donaci\u00f3n.<\/li>\n<li>Hacerte socio individual.<\/li>\n<li>Socio corporativo: tu empresa puede apoyar el proyecto (RSC)<\/li>\n<li>Tambi\u00e9n puedes colaborar con SOI, si eres un profesional en el campo de la psicolog\u00eda o de la salud mental, con experiencia en la intervenci\u00f3n psicosocial, y deseas compartir tus conocimientos y experiencia de formaci\u00f3n con otros profesionales.<\/li>\n<\/ul>\n<p>Si tienes tiempo disponible y deseas apoyar el proyecto, tenemos diferentes propuestas de voluntariado.<\/p>\n","protected":false},"excerpt":{"rendered":"<p>Si quieres apoyar nuestro proyecto de intervenci\u00f3n psicosocial con ni\u00f1os y j\u00f3venes en la India, puedes participar de varias maneras: Haciendo una sola donaci\u00f3n. Hacerte socio individual. Socio corporativo: tu empresa puede apoyar el proyecto (RSC) Tambi\u00e9n puedes colaborar con SOI, si eres un profesional en el campo de la psicolog\u00eda o de la salud [&hellip;]<\/p>\n","protected":false},"author":1,"featured_media":0,"parent":0,"menu_order":0,"comment_status":"open","ping_status":"open","template":"","meta":{"_monsterinsights_skip_tracking":false,"_monsterinsights_sitenote_active":false,"_monsterinsights_sitenote_note":"","_monsterinsights_sitenote_category":0,"ngg_post_thumbnail":0,"footnotes":""},"class_list":["post-1773","page","type-page","status-publish","hentry"],"_links":{"self":[{"href":"https:\/\/www.street-heroes.org\/es\/wp-json\/wp\/v2\/pages\/1773","targetHints":{"allow":["GET"]}}],"collection":[{"href":"https:\/\/www.street-heroes.org\/es\/wp-json\/wp\/v2\/pages"}],"about":[{"href":"https:\/\/www.street-heroes.org\/es\/wp-json\/wp\/v2\/types\/page"}],"author":[{"embeddable":true,"href":"https:\/\/www.street-heroes.org\/es\/wp-json\/wp\/v2\/users\/1"}],"replies":[{"embeddable":true,"href":"https:\/\/www.street-heroes.org\/es\/wp-json\/wp\/v2\/comments?post=1773"}],"version-history":[{"count":1,"href":"https:\/\/www.street-heroes.org\/es\/wp-json\/wp\/v2\/pages\/1773\/revisions"}],"predecessor-version":[{"id":1774,"href":"https:\/\/www.street-heroes.org\/es\/wp-json\/wp\/v2\/pages\/1773\/revisions\/1774"}],"wp:attachment":[{"href":"https:\/\/www.street-heroes.org\/es\/wp-json\/wp\/v2\/media?parent=1773"}],"curies":[{"name":"wp","href":"https:\/\/api.w.org\/{rel}","templated":true}]}}