{"id":1775,"date":"2014-09-28T01:04:50","date_gmt":"2014-09-27T23:04:50","guid":{"rendered":"http:\/\/www.street-heroes.org\/?page_id=1775"},"modified":"2016-02-04T12:12:48","modified_gmt":"2016-02-04T11:12:48","slug":"hazte-socio","status":"publish","type":"page","link":"https:\/\/www.street-heroes.org\/es\/como-puedes-colaborar\/hazte-socio\/","title":{"rendered":"Hazte socio"},"content":{"rendered":"<p>Con tu contribuci\u00f3n har\u00e1s posible: <\/p>\n<ul class=\"list\">\n<li>La formaci\u00f3n de los cuidadores locales (consejeros\/counsellors y personal asistencial) para asegurar la orientaci\u00f3n correcta en la rehabilitaci\u00f3n psicosocial de los ni\u00f1os<\/li>\n<li>Trabajar con los ni\u00f1os a desarrollar sus habilidades sociales<\/li>\n<li>Apoyo y supervisi\u00f3n de determinadas iniciativas de intervenci\u00f3n psicosocial<\/li>\n<li>Organizaci\u00f3n de actividades destinadas a sensibilizar a la poblaci\u00f3n acerca de la necesidad de esta intervenci\u00f3n psicosocial para lograr la rehabilitaci\u00f3n real de la infancia y la juventud<\/li>\n<\/ul>\n<p>Puedes hacer una transferencia bancaria al n\u00famero de cuenta de SOI,Street-Heroes Of India:<br \/>\nTriodos Bank.: 1491 0001 28 2117041828<\/p>\n","protected":false},"excerpt":{"rendered":"<p>Con tu contribuci\u00f3n har\u00e1s posible: La formaci\u00f3n de los cuidadores locales (consejeros\/counsellors y personal asistencial) para asegurar la orientaci\u00f3n correcta en la rehabilitaci\u00f3n psicosocial de los ni\u00f1os Trabajar con los ni\u00f1os a desarrollar sus habilidades sociales Apoyo y supervisi\u00f3n de determinadas iniciativas de intervenci\u00f3n psicosocial Organizaci\u00f3n de actividades destinadas a sensibilizar a la poblaci\u00f3n acerca [&hellip;]<\/p>\n","protected":false},"author":1,"featured_media":0,"parent":1773,"menu_order":1,"comment_status":"open","ping_status":"open","template":"","meta":{"_monsterinsights_skip_tracking":false,"_monsterinsights_sitenote_active":false,"_monsterinsights_sitenote_note":"","_monsterinsights_sitenote_category":0,"ngg_post_thumbnail":0,"footnotes":""},"class_list":["post-1775","page","type-page","status-publish","hentry"],"_links":{"self":[{"href":"https:\/\/www.street-heroes.org\/es\/wp-json\/wp\/v2\/pages\/1775","targetHints":{"allow":["GET"]}}],"collection":[{"href":"https:\/\/www.street-heroes.org\/es\/wp-json\/wp\/v2\/pages"}],"about":[{"href":"https:\/\/www.street-heroes.org\/es\/wp-json\/wp\/v2\/types\/page"}],"author":[{"embeddable":true,"href":"https:\/\/www.street-heroes.org\/es\/wp-json\/wp\/v2\/users\/1"}],"replies":[{"embeddable":true,"href":"https:\/\/www.street-heroes.org\/es\/wp-json\/wp\/v2\/comments?post=1775"}],"version-history":[{"count":4,"href":"https:\/\/www.street-heroes.org\/es\/wp-json\/wp\/v2\/pages\/1775\/revisions"}],"predecessor-version":[{"id":1894,"href":"https:\/\/www.street-heroes.org\/es\/wp-json\/wp\/v2\/pages\/1775\/revisions\/1894"}],"up":[{"embeddable":true,"href":"https:\/\/www.street-heroes.org\/es\/wp-json\/wp\/v2\/pages\/1773"}],"wp:attachment":[{"href":"https:\/\/www.street-heroes.org\/es\/wp-json\/wp\/v2\/media?parent=1775"}],"curies":[{"name":"wp","href":"https:\/\/api.w.org\/{rel}","templated":true}]}}