{"id":1781,"date":"2014-09-28T01:23:00","date_gmt":"2014-09-27T23:23:00","guid":{"rendered":"http:\/\/www.street-heroes.org\/?page_id=1781"},"modified":"2014-09-28T01:23:00","modified_gmt":"2014-09-27T23:23:00","slug":"trabajar-con-soi-profesionales","status":"publish","type":"page","link":"https:\/\/www.street-heroes.org\/es\/como-puedes-colaborar\/trabajar-con-soi-profesionales\/","title":{"rendered":"Trabajar con SOI &#8211; Profesionales"},"content":{"rendered":"<p><em>Para descargar en formato PDF, por favor haz click en el siguiente enlace <\/em> <a href=\"https:\/\/www.street-heroes.org\/wp-content\/uploads\/2014\/06\/Collaboration-for-Psychosocial-Care-SOI-Street-Heroes-Of-India.pdf\">Colaboraci\u00f3n en Asistencia Psicosocial SOI, Street Heroes Of India<\/a><\/p>\n<p>&nbsp;<\/p>\n<h3 style=\"text-align: center;\">Colaboraci\u00f3n para la Atenci\u00f3n Psicosocial<\/h3>\n<p>&nbsp;<\/p>\n<p><a href=\"https:\/\/www.street-heroes.org\/wp-content\/uploads\/2014\/06\/1397718_156391841237512_1287974637_o.jpg\"><img loading=\"lazy\" decoding=\"async\" class=\"size-medium wp-image-877 aligncenter\" src=\"https:\/\/www.street-heroes.org\/wp-content\/uploads\/2014\/06\/1397718_156391841237512_1287974637_o-300x199.jpg\" alt=\"1397718_156391841237512_1287974637_o\" width=\"300\" height=\"199\" srcset=\"https:\/\/www.street-heroes.org\/wp-content\/uploads\/2014\/06\/1397718_156391841237512_1287974637_o-300x199.jpg 300w, https:\/\/www.street-heroes.org\/wp-content\/uploads\/2014\/06\/1397718_156391841237512_1287974637_o-1024x681.jpg 1024w, https:\/\/www.street-heroes.org\/wp-content\/uploads\/2014\/06\/1397718_156391841237512_1287974637_o-580x386.jpg 580w, https:\/\/www.street-heroes.org\/wp-content\/uploads\/2014\/06\/1397718_156391841237512_1287974637_o-380x252.jpg 380w, https:\/\/www.street-heroes.org\/wp-content\/uploads\/2014\/06\/1397718_156391841237512_1287974637_o-280x186.jpg 280w, https:\/\/www.street-heroes.org\/wp-content\/uploads\/2014\/06\/1397718_156391841237512_1287974637_o-1180x785.jpg 1180w, https:\/\/www.street-heroes.org\/wp-content\/uploads\/2014\/06\/1397718_156391841237512_1287974637_o.jpg 2048w\" sizes=\"auto, (max-width: 300px) 100vw, 300px\" \/><\/a><\/p>\n<p style=\"font-weight: bold; color: #ff6600; font-size: 1.3em; text-align: center;\">Un Proyecto de Apoyo al Cambio Social<\/p>\n<p style=\"font-weight: bold; font-size: 1.3em; text-align: center; color: #003366;\">Intervenci\u00f3n en Atenci\u00f3n Psicosocial<\/p>\n<p style=\"font-weight: bold; font-size: 1.3em; text-align: center; color: #003366;\">en DON BOSCO SNEHA Bhaban (India)<\/p>\n<div style=\"color: #3366ff; border: 2px solid; margin: 0px auto; padding: 10px; width: 45%;\"><strong><em>Por el derecho de los ni\u00f1os a recibir asistencia psicol\u00f3gica;<br \/>\npara los ni\u00f1os que se lo merecen &#8211; que viven en las calles de la India en una situaci\u00f3n<br \/>\nde riesgo &#8211; que han sido abusados, explotados y marginados.<\/em><\/strong><\/div>\n<p>&nbsp;<\/p>\n<h3 style=\"text-align: center;\"><span style=\"text-decoration: underline;\">\u00bfEres as\u00ed?<\/span><\/h3>\n<p><span style=\"color: #ff9900;\"><strong>Buscamos <\/strong><\/span>profesionales cualificados que proporcionen formaci\u00f3n a los profesionales locales, propongan estrategias de intervenci\u00f3n y supervisen el equipo. Deben tener la capacidad de adaptar sus herramientas a la cultura y el contexto de la India.<\/p>\n<p><span style=\"color: #ff9933;\"><strong>Nuestro objetivo <\/strong><\/span>es aumentar el bienestar psicosocial y mejorar la calidad de vida de ni\u00f1os y j\u00f3venes en situaci\u00f3n de riesgo en base a una perspectiva psicosocial preventiva y proactiva, evaluar e intervenir con individuos y grupos y prestar apoyo al personal de atenci\u00f3n directa de los centros (profesores, instructores, trabajadores sociales, voluntarios, psic\u00f3logos y consejeros)<\/p>\n<p><span style=\"color: #001e5b;\"><strong>\u2665 <\/strong><strong>Requisitos<\/strong><\/span><\/p>\n<ul class=\"list\">\n<li>Profesional en salud mental: psic\u00f3logo, consejero, terapeuta o coach.<\/li>\n<li>M\u00ednimo de 3 a\u00f1os de experiencia laboral en un \u00e1rea psicosocial, con individuos y grupos.<\/li>\n<li>Experiencia demostrada en el tratamiento de al menos una de las siguientes \u00e1reas: la depresi\u00f3n, el trauma, el abuso, el trastorno de estr\u00e9s postraum\u00e1tico (TEPT) y \/ o violencia sexual.<\/li>\n<li>Capacidad de crear herramientas psicol\u00f3gicas y educativas y \/ o talleres de formaci\u00f3n de formadores.<\/li>\n<li>Capacidad para trabajar con recursos limitados en condiciones de trabajo cambiante.<\/li>\n<li>Disponibilidad para viajar a la India entre dos semanas (estancia m\u00ednima) a los 12 meses (estancia m\u00e1xima).<\/li>\n<\/ul>\n<p><span style=\"color: #001e5b;\"><strong>\u2665 \u00bfQu\u00e9 ofrecemos? <\/strong><\/span><\/p>\n<ul class=\"list\">\n<li>Formaci\u00f3n Preparaci\u00f3n antes de la salida a la India.<\/li>\n<li>Alojamiento y mantenimiento.<\/li>\n<li>La formaci\u00f3n en el \u00abCentro de Atenci\u00f3n &#8211; Departamento de Asistencia Psicosocial\u00bb De Don Bosco India. Una persona (Administrador de perfiles) en el departamento de Asistencia Psicol\u00f3gica supervisar\u00e1 el desarrollo profesional (por ejemplo, ruta de carrera, capacitaciones) dentro de la organizaci\u00f3n.<\/li>\n<li>Posibilidad de desarrollar una carrera dentro de una organizaci\u00f3n internacional.<\/li>\n<li>Una oportunidad \u00fanica para contribuir a nuestros objetivos, para salvar vidas, aliviar el sufrimiento y trabajar con la gente que m\u00e1s te necesita.<\/li>\n<\/ul>\n<p style=\"text-align: center;\"><span style=\"color: #ff9933;\"><strong>\u00bfQuieres contribuir?<\/strong><\/span><\/p>\n<p style=\"text-align: center;\"><span style=\"color: #003366;\"><strong>Env\u00eda tu curr\u00edculum y carta de presentaci\u00f3n a <a href=\"mailto:info@street-heroes.org\"><span style=\"color: #003366;\">info@street-heroes.org<\/span><\/a><\/strong><\/span><\/p>\n","protected":false},"excerpt":{"rendered":"<p>Para descargar en formato PDF, por favor haz click en el siguiente enlace Colaboraci\u00f3n en Asistencia Psicosocial SOI, Street Heroes Of India &nbsp; Colaboraci\u00f3n para la Atenci\u00f3n Psicosocial &nbsp; Un Proyecto de Apoyo al Cambio Social Intervenci\u00f3n en Atenci\u00f3n Psicosocial en DON BOSCO SNEHA Bhaban (India) Por el derecho de los ni\u00f1os a recibir asistencia [&hellip;]<\/p>\n","protected":false},"author":1,"featured_media":0,"parent":1773,"menu_order":3,"comment_status":"open","ping_status":"open","template":"","meta":{"_monsterinsights_skip_tracking":false,"_monsterinsights_sitenote_active":false,"_monsterinsights_sitenote_note":"","_monsterinsights_sitenote_category":0,"ngg_post_thumbnail":0,"footnotes":""},"class_list":["post-1781","page","type-page","status-publish","hentry"],"_links":{"self":[{"href":"https:\/\/www.street-heroes.org\/es\/wp-json\/wp\/v2\/pages\/1781","targetHints":{"allow":["GET"]}}],"collection":[{"href":"https:\/\/www.street-heroes.org\/es\/wp-json\/wp\/v2\/pages"}],"about":[{"href":"https:\/\/www.street-heroes.org\/es\/wp-json\/wp\/v2\/types\/page"}],"author":[{"embeddable":true,"href":"https:\/\/www.street-heroes.org\/es\/wp-json\/wp\/v2\/users\/1"}],"replies":[{"embeddable":true,"href":"https:\/\/www.street-heroes.org\/es\/wp-json\/wp\/v2\/comments?post=1781"}],"version-history":[{"count":1,"href":"https:\/\/www.street-heroes.org\/es\/wp-json\/wp\/v2\/pages\/1781\/revisions"}],"predecessor-version":[{"id":1782,"href":"https:\/\/www.street-heroes.org\/es\/wp-json\/wp\/v2\/pages\/1781\/revisions\/1782"}],"up":[{"embeddable":true,"href":"https:\/\/www.street-heroes.org\/es\/wp-json\/wp\/v2\/pages\/1773"}],"wp:attachment":[{"href":"https:\/\/www.street-heroes.org\/es\/wp-json\/wp\/v2\/media?parent=1781"}],"curies":[{"name":"wp","href":"https:\/\/api.w.org\/{rel}","templated":true}]}}